{"id":1139,"date":"2023-06-07T20:13:47","date_gmt":"2023-06-07T18:13:47","guid":{"rendered":"https:\/\/www.grenztuerme-erleben.de\/region-neu-bleckede\/"},"modified":"2023-06-27T07:01:29","modified_gmt":"2023-06-27T05:01:29","slug":"region-neu-bleckede","status":"publish","type":"page","link":"https:\/\/www.grenztuerme-erleben.de\/en\/region-neu-bleckede\/","title":{"rendered":"Region Neu Bleckede"},"content":{"rendered":"\n<div class=\"wp-block-cover is-light has-parallax\"><span aria-hidden=\"true\" class=\"wp-block-cover__background has-background-dim-0 has-background-dim\"><\/span><div role=\"img\" class=\"wp-block-cover__image-background wp-image-1608 has-parallax\" style=\"background-position:50% 50%;background-image:url(https:\/\/www.grenztuerme-erleben.de\/wp-content\/uploads\/2023\/06\/schloss-bleckede.jpg)\"><\/div><div class=\"wp-block-cover__inner-container is-layout-flow wp-block-cover-is-layout-flow\">\n<p class=\"has-text-align-center has-large-font-size\"><\/p>\n<\/div><\/div>\n<div class=\"gb-container gb-container-cb9e8db1\">\n<div class=\"gb-container gb-container-07510c5f\">\n\n<h1 class=\"gb-headline gb-headline-44b29400 gb-headline-text\">Around Bleckede<\/h1>\r\n\n\n\n<p class=\"has-text-align-left\">Close to the Neu Bleckede border tower, other places in the region offer experiences and information about history and nature:<\/p>\n\n<\/div>\n<\/div><div class=\"gb-container gb-container-1a037f98\">\n<div class=\"gb-container gb-container-a8fb1c35\">\n<div class=\"gb-grid-wrapper gb-grid-wrapper-e0db4f7b\">\n<div class=\"gb-grid-column gb-grid-column-b6ccd66e\"><div class=\"gb-container gb-container-b6ccd66e\"><div class=\"gb-inside-container\">\n\n<h2 class=\"gb-headline gb-headline-f261f2d2 gb-headline-text\">Biosphaerium in the Castle<\/h2>\r\n\n\n\n<p>Here you can experience living beavers and Elbe fish and discover the bird and water world of the Elbtalaue.<\/p>\n\n\n\n<h4 class=\"gb-headline gb-headline-a8a00f25\"><span class=\"gb-icon\"><svg aria-hidden=\"true\" role=\"img\" height=\"1em\" width=\"1em\" viewBox=\"0 0 384 512\" xmlns=\"http:\/\/www.w3.org\/2000\/svg\"><path fill=\"currentColor\" d=\"M172.268 501.67C26.97 291.031 0 269.413 0 192 0 85.961 85.961 0 192 0s192 85.961 192 192c0 77.413-26.97 99.031-172.268 309.67-9.535 13.774-29.93 13.773-39.464 0zM192 272c44.183 0 80-35.817 80-80s-35.817-80-80-80-80 35.817-80 80 35.817 80 80 80z\"><\/path><\/svg><\/span><span class=\"gb-headline-text\"><a href=\"https:\/\/goo.gl\/maps\/YhdkB5ccf5eheNb88\" target=\"_blank\" rel=\"noreferrer noopener\">Schlossstra\u00dfe 10 in 21354 Bleckede<\/a><\/span><\/h4>\r\n\n\n\n<h4 class=\"gb-headline gb-headline-3f69c738\"><span class=\"gb-icon\"><svg aria-hidden=\"true\" role=\"img\" height=\"1em\" width=\"1em\" viewBox=\"0 0 256 512\" xmlns=\"http:\/\/www.w3.org\/2000\/svg\"><path fill=\"currentColor\" d=\"M224.3 273l-136 136c-9.4 9.4-24.6 9.4-33.9 0l-22.6-22.6c-9.4-9.4-9.4-24.6 0-33.9l96.4-96.4-96.4-96.4c-9.4-9.4-9.4-24.6 0-33.9L54.3 103c9.4-9.4 24.6-9.4 33.9 0l136 136c9.5 9.4 9.5 24.6.1 34z\"><\/path><\/svg><\/span><span class=\"gb-headline-text\"><a href=\"https:\/\/www.biosphaerium.de\/\" target=\"_blank\" rel=\"noreferrer noopener\">More information<\/a><\/span><\/h4>\r\n\n<\/div><\/div><\/div>\n\n<div class=\"gb-grid-column gb-grid-column-dc032b9a\"><div class=\"gb-container gb-container-dc032b9a\"><div class=\"gb-inside-container\">\n\n<h2 class=\"gb-headline gb-headline-f67af1e2 gb-headline-text\">Viewing tower Mahnkenwerder<\/h2>\r\n\n\n\n<p>Unlimited panoramic view over the landscape of the Elbtalaue on a more than 15m high wooden tower.<\/p>\n\n\n\n<h4 class=\"gb-headline gb-headline-b9d94c63\"><span class=\"gb-icon\"><svg aria-hidden=\"true\" role=\"img\" height=\"1em\" width=\"1em\" viewBox=\"0 0 384 512\" xmlns=\"http:\/\/www.w3.org\/2000\/svg\"><path fill=\"currentColor\" d=\"M172.268 501.67C26.97 291.031 0 269.413 0 192 0 85.961 85.961 0 192 0s192 85.961 192 192c0 77.413-26.97 99.031-172.268 309.67-9.535 13.774-29.93 13.773-39.464 0zM192 272c44.183 0 80-35.817 80-80s-35.817-80-80-80-80 35.817-80 80 35.817 80 80 80z\"><\/path><\/svg><\/span><span class=\"gb-headline-text\"><a href=\"https:\/\/goo.gl\/maps\/eXB9djLhhRT5jd9o8\" target=\"_blank\" rel=\"noreferrer noopener\">Rad-\/Wanderweg in 19273 Bleckede<\/a><\/span><\/h4>\r\n\n\n\n<h4 class=\"gb-headline gb-headline-46815c04\"><span class=\"gb-icon\"><svg aria-hidden=\"true\" role=\"img\" height=\"1em\" width=\"1em\" viewBox=\"0 0 256 512\" xmlns=\"http:\/\/www.w3.org\/2000\/svg\"><path fill=\"currentColor\" d=\"M224.3 273l-136 136c-9.4 9.4-24.6 9.4-33.9 0l-22.6-22.6c-9.4-9.4-9.4-24.6 0-33.9l96.4-96.4-96.4-96.4c-9.4-9.4-9.4-24.6 0-33.9L54.3 103c9.4-9.4 24.6-9.4 33.9 0l136 136c9.5 9.4 9.5 24.6.1 34z\"><\/path><\/svg><\/span><span class=\"gb-headline-text\"><a href=\"https:\/\/www.bleckede.de\/home\/kultur-freizeit-tourismus\/freizeit-sport\/ausflugsziele.aspx\" target=\"_blank\" rel=\"noreferrer noopener\">More information<\/a><\/span><\/h4>\r\n\n<\/div><\/div><\/div>\n\n<div class=\"gb-grid-column gb-grid-column-462faba7\"><div class=\"gb-container gb-container-462faba7\"><div class=\"gb-inside-container\">\n\n<h2 class=\"gb-headline gb-headline-f150886e gb-headline-text\">EinFlussReich<\/h2>\r\n\n\n\n<p>The open-air exhibition in the immediate vicinity of the well-known Elwkieker viewing tower informs children and adults about the topic of flooding with playful content.<\/p>\n\n\n\n<h4 class=\"gb-headline gb-headline-bbb55594\"><span class=\"gb-icon\"><svg aria-hidden=\"true\" role=\"img\" height=\"1em\" width=\"1em\" viewBox=\"0 0 384 512\" xmlns=\"http:\/\/www.w3.org\/2000\/svg\"><path fill=\"currentColor\" d=\"M172.268 501.67C26.97 291.031 0 269.413 0 192 0 85.961 85.961 0 192 0s192 85.961 192 192c0 77.413-26.97 99.031-172.268 309.67-9.535 13.774-29.93 13.773-39.464 0zM192 272c44.183 0 80-35.817 80-80s-35.817-80-80-80-80 35.817-80 80 35.817 80 80 80z\"><\/path><\/svg><\/span><span class=\"gb-headline-text\"><a href=\"https:\/\/goo.gl\/maps\/RWPHCzFms5x1zsp47\" target=\"_blank\" rel=\"noreferrer noopener\">Am Elbberg 8-9 in 19258 Boizenburg<\/a><\/span><\/h4>\r\n\n\n\n<h4 class=\"gb-headline gb-headline-c957a1c3\"><span class=\"gb-icon\"><svg aria-hidden=\"true\" role=\"img\" height=\"1em\" width=\"1em\" viewBox=\"0 0 256 512\" xmlns=\"http:\/\/www.w3.org\/2000\/svg\"><path fill=\"currentColor\" d=\"M224.3 273l-136 136c-9.4 9.4-24.6 9.4-33.9 0l-22.6-22.6c-9.4-9.4-9.4-24.6 0-33.9l96.4-96.4-96.4-96.4c-9.4-9.4-9.4-24.6 0-33.9L54.3 103c9.4-9.4 24.6-9.4 33.9 0l136 136c9.5 9.4 9.5 24.6.1 34z\"><\/path><\/svg><\/span><span class=\"gb-headline-text\"><a href=\"https:\/\/www.boizenburg.de\/portal\/seiten\/freiluftausstellung-einflussreich-900000035-28851.html\" target=\"_blank\" rel=\"noreferrer noopener\">More information<\/a><\/span><\/h4>\r\n\n<\/div><\/div><\/div>\n\n<div class=\"gb-grid-column gb-grid-column-f90e890c\"><div class=\"gb-container gb-container-f90e890c\"><div class=\"gb-inside-container\">\n\n<h2 class=\"gb-headline gb-headline-1f286d1e gb-headline-text\">Elbbergmuseum Boizenburg<\/h2>\r\n\n\n\n<p>Exhibitions on the Boizenburg concentration camp (subcamp) and the former inner-German border.<\/p>\n\n\n\n<h4 class=\"gb-headline gb-headline-aaa760f7\"><span class=\"gb-icon\"><svg aria-hidden=\"true\" role=\"img\" height=\"1em\" width=\"1em\" viewBox=\"0 0 384 512\" xmlns=\"http:\/\/www.w3.org\/2000\/svg\"><path fill=\"currentColor\" d=\"M172.268 501.67C26.97 291.031 0 269.413 0 192 0 85.961 85.961 0 192 0s192 85.961 192 192c0 77.413-26.97 99.031-172.268 309.67-9.535 13.774-29.93 13.773-39.464 0zM192 272c44.183 0 80-35.817 80-80s-35.817-80-80-80-80 35.817-80 80 35.817 80 80 80z\"><\/path><\/svg><\/span><span class=\"gb-headline-text\"><a href=\"https:\/\/goo.gl\/maps\/an7ebY8TMcNPkevX7\" target=\"_blank\" rel=\"noreferrer noopener\">Am Elbberg in 19258 Boizenburg<\/a><\/span><\/h4>\r\n\n\n\n<h4 class=\"gb-headline gb-headline-d93a6d79\"><span class=\"gb-icon\"><svg aria-hidden=\"true\" role=\"img\" height=\"1em\" width=\"1em\" viewBox=\"0 0 256 512\" xmlns=\"http:\/\/www.w3.org\/2000\/svg\"><path fill=\"currentColor\" d=\"M224.3 273l-136 136c-9.4 9.4-24.6 9.4-33.9 0l-22.6-22.6c-9.4-9.4-9.4-24.6 0-33.9l96.4-96.4-96.4-96.4c-9.4-9.4-9.4-24.6 0-33.9L54.3 103c9.4-9.4 24.6-9.4 33.9 0l136 136c9.5 9.4 9.5 24.6.1 34z\"><\/path><\/svg><\/span><span class=\"gb-headline-text\"><a href=\"https:\/\/www.boizenburg.de\/portal\/seiten\/elbbergmuseum-900000027-28851.html\" target=\"_blank\" rel=\"noreferrer noopener\">More information<\/a><\/span><\/h4>\r\n\n<\/div><\/div><\/div>\n\n<div class=\"gb-grid-column gb-grid-column-a52dfd47\"><div class=\"gb-container gb-container-a52dfd47\"><div class=\"gb-inside-container\">\n\n<h2 class=\"gb-headline gb-headline-573347c4 gb-headline-text\">Border museum Leisterf\u00f6rde<\/h2>\r\n\n\n\n<p>Replicas of the GDR border installations in original size on the former border strip<\/p>\n\n\n\n<h4 class=\"gb-headline gb-headline-00069aa1\"><span class=\"gb-icon\"><svg aria-hidden=\"true\" role=\"img\" height=\"1em\" width=\"1em\" viewBox=\"0 0 384 512\" xmlns=\"http:\/\/www.w3.org\/2000\/svg\"><path fill=\"currentColor\" d=\"M172.268 501.67C26.97 291.031 0 269.413 0 192 0 85.961 85.961 0 192 0s192 85.961 192 192c0 77.413-26.97 99.031-172.268 309.67-9.535 13.774-29.93 13.773-39.464 0zM192 272c44.183 0 80-35.817 80-80s-35.817-80-80-80-80 35.817-80 80 35.817 80 80 80z\"><\/path><\/svg><\/span><span class=\"gb-headline-text\"><a href=\"https:\/\/goo.gl\/maps\/KzSbNgvu5Qx9g6LG9\" target=\"_blank\" rel=\"noreferrer noopener\">L\u00fcttenmarker Stra\u00dfe in 19258 Leisterf\u00f6rde<\/a><\/span><\/h4>\r\n\n\n\n<h4 class=\"gb-headline gb-headline-7c66a77c\"><span class=\"gb-icon\"><svg aria-hidden=\"true\" role=\"img\" height=\"1em\" width=\"1em\" viewBox=\"0 0 256 512\" xmlns=\"http:\/\/www.w3.org\/2000\/svg\"><path fill=\"currentColor\" d=\"M224.3 273l-136 136c-9.4 9.4-24.6 9.4-33.9 0l-22.6-22.6c-9.4-9.4-9.4-24.6 0-33.9l96.4-96.4-96.4-96.4c-9.4-9.4-9.4-24.6 0-33.9L54.3 103c9.4-9.4 24.6-9.4 33.9 0l136 136c9.5 9.4 9.5 24.6.1 34z\"><\/path><\/svg><\/span><span class=\"gb-headline-text\"><a href=\"https:\/\/www.boizenburg.de\/portal\/seiten\/elbbergmuseum-900000027-28851.html\" target=\"_blank\" rel=\"noreferrer noopener\">More information<\/a><\/span><\/h4>\r\n\n<\/div><\/div><\/div>\n\n<div class=\"gb-grid-column gb-grid-column-141b6085\"><div class=\"gb-container gb-container-141b6085\"><div class=\"gb-inside-container\">\n\n<h2 class=\"gb-headline gb-headline-3d1bcb80 gb-headline-text\">Fruit Varieties Nature Trail<\/h2>\r\n\n\n\n<p>10,000 apple, pear and plum trees on around 60 kilometres of road <\/p>\n\n\n\n<h4 class=\"gb-headline gb-headline-6f0bc373\"><span class=\"gb-icon\"><svg aria-hidden=\"true\" role=\"img\" height=\"1em\" width=\"1em\" viewBox=\"0 0 384 512\" xmlns=\"http:\/\/www.w3.org\/2000\/svg\"><path fill=\"currentColor\" d=\"M172.268 501.67C26.97 291.031 0 269.413 0 192 0 85.961 85.961 0 192 0s192 85.961 192 192c0 77.413-26.97 99.031-172.268 309.67-9.535 13.774-29.93 13.773-39.464 0zM192 272c44.183 0 80-35.817 80-80s-35.817-80-80-80-80 35.817-80 80 35.817 80 80 80z\"><\/path><\/svg><\/span><span class=\"gb-headline-text\"><a href=\"https:\/\/goo.gl\/maps\/McBUZe3GW4yLwaoi6\" target=\"_blank\" rel=\"noreferrer noopener\">Neu Bleckeder Str. 6 in 19273 Bleckede<\/a><\/span><\/h4>\r\n\n\n\n<h4 class=\"gb-headline gb-headline-140a48d5\"><span class=\"gb-icon\"><svg aria-hidden=\"true\" role=\"img\" height=\"1em\" width=\"1em\" viewBox=\"0 0 256 512\" xmlns=\"http:\/\/www.w3.org\/2000\/svg\"><path fill=\"currentColor\" d=\"M224.3 273l-136 136c-9.4 9.4-24.6 9.4-33.9 0l-22.6-22.6c-9.4-9.4-9.4-24.6 0-33.9l96.4-96.4-96.4-96.4c-9.4-9.4-9.4-24.6 0-33.9L54.3 103c9.4-9.4 24.6-9.4 33.9 0l136 136c9.5 9.4 9.5 24.6.1 34z\"><\/path><\/svg><\/span><span class=\"gb-headline-text\"><a href=\"https:\/\/www.elbtalaue.niedersachsen.de\/land_leute\/kulturlandschaft\/obstbaumalleen--fruechte-der-elbtalaue-53589.html\" target=\"_blank\" rel=\"noreferrer noopener\">More information<\/a><\/span><\/h4>\r\n\n<\/div><\/div><\/div>\n<\/div>\n<\/div>\n<\/div>","protected":false},"excerpt":{"rendered":"<p>Around Bleckede Close to the Neu Bleckede border tower, other places in the region offer experiences and information about history and nature:<\/p>\n","protected":false},"author":1,"featured_media":0,"parent":0,"menu_order":0,"comment_status":"closed","ping_status":"closed","template":"","meta":{"footnotes":""},"class_list":["post-1139","page","type-page","status-publish"],"yoast_head":"<!-- This site is optimized with the Yoast SEO plugin v27.5 - https:\/\/yoast.com\/product\/yoast-seo-wordpress\/ -->\n<title>Region Neu Bleckede - Experience border towers<\/title>\n<meta name=\"robots\" content=\"index, follow, max-snippet:-1, max-image-preview:large, max-video-preview:-1\" \/>\n<link rel=\"canonical\" href=\"https:\/\/www.grenztuerme-erleben.de\/en\/region-neu-bleckede\/\" \/>\n<meta property=\"og:locale\" content=\"en_US\" \/>\n<meta property=\"og:type\" content=\"article\" \/>\n<meta property=\"og:title\" content=\"Region Neu Bleckede - Experience border towers\" \/>\n<meta property=\"og:description\" content=\"Around Bleckede Close to the Neu Bleckede border tower, other places in the region offer experiences and information about history and nature:\" \/>\n<meta property=\"og:url\" content=\"https:\/\/www.grenztuerme-erleben.de\/en\/region-neu-bleckede\/\" \/>\n<meta property=\"og:site_name\" content=\"Experience border towers\" \/>\n<meta property=\"article:modified_time\" content=\"2023-06-27T05:01:29+00:00\" \/>\n<meta name=\"twitter:card\" content=\"summary_large_image\" \/>\n<meta name=\"twitter:label1\" content=\"Est. reading time\" \/>\n\t<meta name=\"twitter:data1\" content=\"1 minute\" \/>\n<script type=\"application\/ld+json\" class=\"yoast-schema-graph\">{\"@context\":\"https:\\\/\\\/schema.org\",\"@graph\":[{\"@type\":\"WebPage\",\"@id\":\"https:\\\/\\\/www.grenztuerme-erleben.de\\\/en\\\/region-neu-bleckede\\\/\",\"url\":\"https:\\\/\\\/www.grenztuerme-erleben.de\\\/en\\\/region-neu-bleckede\\\/\",\"name\":\"Region Neu Bleckede - Experience border towers\",\"isPartOf\":{\"@id\":\"https:\\\/\\\/www.grenztuerme-erleben.de\\\/en\\\/#website\"},\"datePublished\":\"2023-06-07T18:13:47+00:00\",\"dateModified\":\"2023-06-27T05:01:29+00:00\",\"breadcrumb\":{\"@id\":\"https:\\\/\\\/www.grenztuerme-erleben.de\\\/en\\\/region-neu-bleckede\\\/#breadcrumb\"},\"inLanguage\":\"en-US\",\"potentialAction\":[{\"@type\":\"ReadAction\",\"target\":[\"https:\\\/\\\/www.grenztuerme-erleben.de\\\/en\\\/region-neu-bleckede\\\/\"]}]},{\"@type\":\"BreadcrumbList\",\"@id\":\"https:\\\/\\\/www.grenztuerme-erleben.de\\\/en\\\/region-neu-bleckede\\\/#breadcrumb\",\"itemListElement\":[{\"@type\":\"ListItem\",\"position\":1,\"name\":\"Startseite\",\"item\":\"https:\\\/\\\/www.grenztuerme-erleben.de\\\/en\\\/\"},{\"@type\":\"ListItem\",\"position\":2,\"name\":\"Region Neu Bleckede\"}]},{\"@type\":\"WebSite\",\"@id\":\"https:\\\/\\\/www.grenztuerme-erleben.de\\\/en\\\/#website\",\"url\":\"https:\\\/\\\/www.grenztuerme-erleben.de\\\/en\\\/\",\"name\":\"Grenzt\u00fcrme erleben\",\"description\":\"From border history to border nature\",\"publisher\":{\"@id\":\"https:\\\/\\\/www.grenztuerme-erleben.de\\\/en\\\/#organization\"},\"potentialAction\":[{\"@type\":\"SearchAction\",\"target\":{\"@type\":\"EntryPoint\",\"urlTemplate\":\"https:\\\/\\\/www.grenztuerme-erleben.de\\\/en\\\/?s={search_term_string}\"},\"query-input\":{\"@type\":\"PropertyValueSpecification\",\"valueRequired\":true,\"valueName\":\"search_term_string\"}}],\"inLanguage\":\"en-US\"},{\"@type\":\"Organization\",\"@id\":\"https:\\\/\\\/www.grenztuerme-erleben.de\\\/en\\\/#organization\",\"name\":\"Grenzt\u00fcrme erleben\",\"url\":\"https:\\\/\\\/www.grenztuerme-erleben.de\\\/en\\\/\",\"logo\":{\"@type\":\"ImageObject\",\"inLanguage\":\"en-US\",\"@id\":\"https:\\\/\\\/www.grenztuerme-erleben.de\\\/en\\\/#\\\/schema\\\/logo\\\/image\\\/\",\"url\":\"https:\\\/\\\/www.grenztuerme-erleben.de\\\/wp-content\\\/uploads\\\/2023\\\/06\\\/start-grafik-grenzturm.jpg\",\"contentUrl\":\"https:\\\/\\\/www.grenztuerme-erleben.de\\\/wp-content\\\/uploads\\\/2023\\\/06\\\/start-grafik-grenzturm.jpg\",\"width\":1600,\"height\":814,\"caption\":\"Grenzt\u00fcrme erleben\"},\"image\":{\"@id\":\"https:\\\/\\\/www.grenztuerme-erleben.de\\\/en\\\/#\\\/schema\\\/logo\\\/image\\\/\"}}]}<\/script>\n<!-- \/ Yoast SEO plugin. -->","yoast_head_json":{"title":"Region Neu Bleckede - Experience border towers","robots":{"index":"index","follow":"follow","max-snippet":"max-snippet:-1","max-image-preview":"max-image-preview:large","max-video-preview":"max-video-preview:-1"},"canonical":"https:\/\/www.grenztuerme-erleben.de\/en\/region-neu-bleckede\/","og_locale":"en_US","og_type":"article","og_title":"Region Neu Bleckede - Experience border towers","og_description":"Around Bleckede Close to the Neu Bleckede border tower, other places in the region offer experiences and information about history and nature:","og_url":"https:\/\/www.grenztuerme-erleben.de\/en\/region-neu-bleckede\/","og_site_name":"Experience border towers","article_modified_time":"2023-06-27T05:01:29+00:00","twitter_card":"summary_large_image","twitter_misc":{"Est. reading time":"1 minute"},"schema":{"@context":"https:\/\/schema.org","@graph":[{"@type":"WebPage","@id":"https:\/\/www.grenztuerme-erleben.de\/en\/region-neu-bleckede\/","url":"https:\/\/www.grenztuerme-erleben.de\/en\/region-neu-bleckede\/","name":"Region Neu Bleckede - Experience border towers","isPartOf":{"@id":"https:\/\/www.grenztuerme-erleben.de\/en\/#website"},"datePublished":"2023-06-07T18:13:47+00:00","dateModified":"2023-06-27T05:01:29+00:00","breadcrumb":{"@id":"https:\/\/www.grenztuerme-erleben.de\/en\/region-neu-bleckede\/#breadcrumb"},"inLanguage":"en-US","potentialAction":[{"@type":"ReadAction","target":["https:\/\/www.grenztuerme-erleben.de\/en\/region-neu-bleckede\/"]}]},{"@type":"BreadcrumbList","@id":"https:\/\/www.grenztuerme-erleben.de\/en\/region-neu-bleckede\/#breadcrumb","itemListElement":[{"@type":"ListItem","position":1,"name":"Startseite","item":"https:\/\/www.grenztuerme-erleben.de\/en\/"},{"@type":"ListItem","position":2,"name":"Region Neu Bleckede"}]},{"@type":"WebSite","@id":"https:\/\/www.grenztuerme-erleben.de\/en\/#website","url":"https:\/\/www.grenztuerme-erleben.de\/en\/","name":"Grenzt\u00fcrme erleben","description":"From border history to border nature","publisher":{"@id":"https:\/\/www.grenztuerme-erleben.de\/en\/#organization"},"potentialAction":[{"@type":"SearchAction","target":{"@type":"EntryPoint","urlTemplate":"https:\/\/www.grenztuerme-erleben.de\/en\/?s={search_term_string}"},"query-input":{"@type":"PropertyValueSpecification","valueRequired":true,"valueName":"search_term_string"}}],"inLanguage":"en-US"},{"@type":"Organization","@id":"https:\/\/www.grenztuerme-erleben.de\/en\/#organization","name":"Grenzt\u00fcrme erleben","url":"https:\/\/www.grenztuerme-erleben.de\/en\/","logo":{"@type":"ImageObject","inLanguage":"en-US","@id":"https:\/\/www.grenztuerme-erleben.de\/en\/#\/schema\/logo\/image\/","url":"https:\/\/www.grenztuerme-erleben.de\/wp-content\/uploads\/2023\/06\/start-grafik-grenzturm.jpg","contentUrl":"https:\/\/www.grenztuerme-erleben.de\/wp-content\/uploads\/2023\/06\/start-grafik-grenzturm.jpg","width":1600,"height":814,"caption":"Grenzt\u00fcrme erleben"},"image":{"@id":"https:\/\/www.grenztuerme-erleben.de\/en\/#\/schema\/logo\/image\/"}}]}},"_links":{"self":[{"href":"https:\/\/www.grenztuerme-erleben.de\/en\/wp-json\/wp\/v2\/pages\/1139","targetHints":{"allow":["GET"]}}],"collection":[{"href":"https:\/\/www.grenztuerme-erleben.de\/en\/wp-json\/wp\/v2\/pages"}],"about":[{"href":"https:\/\/www.grenztuerme-erleben.de\/en\/wp-json\/wp\/v2\/types\/page"}],"author":[{"embeddable":true,"href":"https:\/\/www.grenztuerme-erleben.de\/en\/wp-json\/wp\/v2\/users\/1"}],"replies":[{"embeddable":true,"href":"https:\/\/www.grenztuerme-erleben.de\/en\/wp-json\/wp\/v2\/comments?post=1139"}],"version-history":[{"count":2,"href":"https:\/\/www.grenztuerme-erleben.de\/en\/wp-json\/wp\/v2\/pages\/1139\/revisions"}],"predecessor-version":[{"id":1621,"href":"https:\/\/www.grenztuerme-erleben.de\/en\/wp-json\/wp\/v2\/pages\/1139\/revisions\/1621"}],"wp:attachment":[{"href":"https:\/\/www.grenztuerme-erleben.de\/en\/wp-json\/wp\/v2\/media?parent=1139"}],"curies":[{"name":"wp","href":"https:\/\/api.w.org\/{rel}","templated":true}]}}